{"id":526,"date":"2018-07-19T09:41:30","date_gmt":"2018-07-19T07:41:30","guid":{"rendered":"http:\/\/www.renatentwurf.at\/?page_id=526"},"modified":"2020-06-08T16:09:18","modified_gmt":"2020-06-08T14:09:18","slug":"datenschutz","status":"publish","type":"page","link":"https:\/\/www.renatentwurf.at\/?page_id=526","title":{"rendered":"Datenschutz"},"content":{"rendered":"<p><strong><span style=\"color: #000000;\"><span style=\"font-family: Arial,sans-serif;\"><span style=\"font-weight: normal;\">Datenschutzhinweis<\/span><\/span><\/span><\/strong><\/p>\n<ol>\n<li><strong><span style=\"color: #000000;\"><span style=\"font-family: Arial,sans-serif;\"><span style=\"font-weight: normal;\">Kontaktdaten<\/span><\/span><\/span><\/strong><\/li>\n<\/ol>\n<p><span style=\"color: #000000;\"><span style=\"font-family: Arial,sans-serif;\"><span style=\"font-weight: normal;\">Renate Mowlam<br \/>\n1150 Wien<br \/>\n<\/span><\/span><\/span><span style=\"color: #000000;\"><span style=\"font-family: Arial,sans-serif;\"><span style=\"font-weight: normal;\">renatentwurf [et] hotmail.com<\/span><\/span><\/span><\/p>\n<p><strong><span style=\"color: #000000;\"><span style=\"font-family: Arial,sans-serif;\"><span style=\"font-weight: normal;\">Widerspruch gegen Werbe-Mails<br \/>\n<\/span><\/span><\/span><\/strong><span style=\"color: #000000;\"><span style=\"font-family: Arial,sans-serif;\"><span style=\"font-weight: normal;\">Der Nutzung von im Rahmen der Impressumspflicht ver\u00f6ffentlichten Kontaktdaten zur \u00dcbersendung von nicht ausdr\u00fccklich angeforderter Werbung und Informationsmaterialien wird hiermit widersprochen. Die Betreiber der Seiten behalten sich ausdr\u00fccklich rechtliche Schritte im Falle der unverlangten Zusendung von Werbeinformationen, etwa durch Spam-E-Mails, vor.<\/span><\/span><\/span><\/p>\n<ol start=\"2\">\n<li><strong><span style=\"color: #000000;\"><span style=\"font-family: Arial,sans-serif;\"><span style=\"font-weight: normal;\">Grundsatz<\/span><\/span><\/span><\/strong><\/li>\n<\/ol>\n<p style=\"font-weight: normal;\"><span style=\"color: #000000;\"><span style=\"font-family: Arial,sans-serif;\">Alle anfallenden personenbezogenen Daten werden entsprechend den jeweils geltenden Vorschriften zum Schutz personenbezogener Daten erhoben, verarbeitet und genutzt. Die Nutzung der Daten dient der Informationsbereitstellung, der Vertragsabwicklung und zur Wahrung berechtigter eigener Gesch\u00e4ftsinteressen im Hinblick auf die Betreuung meiner KundInnen und InteressentInnen.<\/span><\/span><\/p>\n<p style=\"font-weight: normal;\"><span style=\"color: #000000;\"><span style=\"font-family: Arial,sans-serif;\">Renate Mowlam verpflichtet sich ausdr\u00fccklich, insbesondere alle personenbezogenen Daten ausreichend zu sch\u00fctzen und die Anforderungen der DSGVO aktiv umzusetzen. Diese Richtlinie erl\u00e4utert die Verfahren bei der Erfassung, der Verwendung und der L\u00f6schung der Daten mit Personenbezug.<\/span><\/span><\/p>\n<p style=\"font-weight: normal;\"><span style=\"color: #000000;\"><span style=\"font-family: Arial,sans-serif;\">Durch die Beauftragung von Renate Mowlam erkl\u00e4ren Sie sich mit den in dieser Richtlinie beschriebenen Verfahren einverstanden.<\/span><\/span><\/p>\n<ol start=\"3\">\n<li><strong><span style=\"color: #000000;\"><span style=\"font-family: Arial,sans-serif;\"><span style=\"font-weight: normal;\">Erfassung personenbezogener Daten<\/span><\/span><\/span><\/strong><\/li>\n<\/ol>\n<p style=\"font-weight: normal;\"><span style=\"color: #000000;\"><span style=\"font-family: Arial,sans-serif;\">Zur Erf\u00fcllung meines Gesch\u00e4ftszweckes (K\u00fcnstlerische T\u00e4tigkeit, Comics, Malerei) ben\u00f6tige ich gegebenenfalls personenbezogene Informationen, die Sie bzw. MitarbeiterInnen Ihres Unternehmens pers\u00f6nlich identifizieren und die es mir erm\u00f6glichen, mit Ihnen in Kontakt zu treten. Wenn Sie mit mir Kontakt (z.B. per E-Mail) aufnehmen speichere ich folgende personenbezogenen Daten:<\/span><\/span><\/p>\n<ul>\n<li>\n<p style=\"font-weight: normal;\"><span style=\"color: #000000;\"><span style=\"font-family: Arial,sans-serif;\">Name <\/span><\/span><\/p>\n<\/li>\n<li>\n<p style=\"font-weight: normal;\"><span style=\"color: #000000;\"><span style=\"font-family: Arial,sans-serif;\">Vorname <\/span><\/span><\/p>\n<\/li>\n<li>\n<p style=\"font-weight: normal;\"><span style=\"color: #000000;\"><span style=\"font-family: Arial,sans-serif;\">Position bzw. Abteilung <\/span><\/span><\/p>\n<\/li>\n<li>\n<p style=\"font-weight: normal;\"><span style=\"color: #000000;\"><span style=\"font-family: Arial,sans-serif;\">E-Mail-Adresse <\/span><\/span><\/p>\n<\/li>\n<li>\n<p style=\"font-weight: normal;\"><span style=\"color: #000000;\"><span style=\"font-family: Arial,sans-serif;\">Telefonnotizen <\/span><\/span><\/p>\n<\/li>\n<\/ul>\n<p style=\"font-weight: normal;\"><span style=\"color: #000000;\"><span style=\"font-family: Arial,sans-serif;\">die ausschlie\u00dflich zur Erf\u00fcllung meines Gesch\u00e4ftszweckes dienen.<\/span><\/span><\/p>\n<ol start=\"4\">\n<li><strong><span style=\"color: #000000;\"><span style=\"font-family: Arial,sans-serif;\"><span style=\"font-weight: normal;\">Vertraulichkeit Ihrer Daten<\/span><\/span><\/span><\/strong><\/li>\n<\/ol>\n<p style=\"font-weight: normal;\"><span style=\"color: #000000;\"><span style=\"font-family: Arial,sans-serif;\">Ich bin zur Einhaltung der Bestimmungen der Datenschutz-Grundverordnung (DVGSO) verpflichtet.<\/span><\/span><\/p>\n<p style=\"font-weight: normal;\"><span style=\"color: #000000;\"><span style=\"font-family: Arial,sans-serif;\">Renate Mowlam setzt technische und organisatorische Sicherungsma\u00dfnahmen, um Ihre zur Verf\u00fcgung gestellten Daten durch zuf\u00e4llige oder vors\u00e4tzliche Manipulationen, Verlust, Zerst\u00f6rung oder den Zugriff von unberechtigten Personen zu sch\u00fctzen. Die Sicherheitsma\u00dfnahmen werden fortlaufend \u00fcberpr\u00fcft und ggf. verbessert. Ihre personenbezogenen Daten werden weder an Dritte verkauft noch anderweitig vermarktet.<\/span><\/span><\/p>\n<p style=\"font-weight: normal;\"><span style=\"color: #000000;\"><span style=\"font-family: Arial,sans-serif;\">Erhebungen von personenbezogenen Daten sowie deren \u00dcbermittlung an auskunftsberechtigte staatliche Institutionen und Beh\u00f6rden erfolgen nur im Rahmen der Gesetze bzw. sofern Renate Mowlam durch eine gerichtliche Entscheidung dazu verpflichtet ist oder wird.<\/span><\/span><\/p>\n<ol start=\"5\">\n<li><strong><span style=\"color: #000000;\"><span style=\"font-family: Arial,sans-serif;\"><span style=\"font-weight: normal;\">Webserver-Protokollierung<\/span><\/span><\/span><\/strong><\/li>\n<\/ol>\n<p style=\"font-weight: normal;\"><span style=\"color: #000000;\"><span style=\"font-family: Arial,sans-serif;\">Aus Gr\u00fcnden der Betriebssicherheit, usw. werden Webserver-Logfiles erstellt. Es werden von Seiten des Betreibers folgende Daten gespeichert:<\/span><\/span><\/p>\n<ul>\n<li>\n<p style=\"font-weight: normal;\"><span style=\"color: #000000;\"><span style=\"font-family: Arial,sans-serif;\">die aufgerufene Seite (URL) <\/span><\/span><\/p>\n<\/li>\n<li>\n<p style=\"font-weight: normal;\"><span style=\"color: #000000;\"><span style=\"font-family: Arial,sans-serif;\">der Browser bzw. die Browserversion <\/span><\/span><\/p>\n<\/li>\n<li>\n<p style=\"font-weight: normal;\"><span style=\"color: #000000;\"><span style=\"font-family: Arial,sans-serif;\">das verwendete Betriebssystem <\/span><\/span><\/p>\n<\/li>\n<li>\n<p style=\"font-weight: normal;\"><span style=\"color: #000000;\"><span style=\"font-family: Arial,sans-serif;\">die Referrer URL (die zuvor besuchte Seite) <\/span><\/span><\/p>\n<\/li>\n<li>\n<p style=\"font-weight: normal;\"><span style=\"color: #000000;\"><span style=\"font-family: Arial,sans-serif;\">Hostname und IP-Adresse des zugreifenden Rechners <\/span><\/span><\/p>\n<\/li>\n<li>\n<p style=\"font-weight: normal;\"><span style=\"color: #000000;\"><span style=\"font-family: Arial,sans-serif;\">die Uhrzeit der Serveranfrage <\/span><\/span><\/p>\n<\/li>\n<\/ul>\n<p style=\"font-weight: normal;\"><span style=\"color: #000000;\"><span style=\"font-family: Arial,sans-serif;\">Diese Daten werden automatisch 2 Wochen nach Besuch der Seite gel\u00f6scht.<\/span><\/span><\/p>\n<ol start=\"6\">\n<li><strong><span style=\"color: #000000;\"><span style=\"font-family: Arial,sans-serif;\"><span style=\"font-weight: normal;\">Cookies, Google Analytics &amp; Tools<\/span><\/span><\/span><\/strong><\/li>\n<\/ol>\n<p><span style=\"color: #000000;\"><span style=\"font-family: Arial,sans-serif;\"><span style=\"font-weight: normal;\">Die website <\/span><\/span><\/span><span style=\"color: #000000;\"><span style=\"font-family: Arial,sans-serif;\"><span style=\"font-weight: normal;\"><a href=\"http:\/\/www.renatentwurf.at\/\">www.renatentwurf.at<\/a> <\/span><\/span><\/span><span style=\"color: #000000;\"><span style=\"font-family: Arial,sans-serif;\"><span style=\"font-weight: normal;\">verwendet Cookies.<\/span><\/span><\/span><\/p>\n<p style=\"font-weight: normal;\"><span style=\"color: #000000;\"><span style=\"font-family: Arial,sans-serif;\">Die Website-Nutzung wird nicht ausgewertet.<\/span><\/span><\/p>\n<p><strong><span style=\"color: #000000;\"><span style=\"font-family: Arial,sans-serif;\"><span style=\"font-weight: normal;\">Google Web Fonts<br \/>\n<\/span><\/span><\/span><\/strong><span style=\"color: #000000;\"><span style=\"font-family: Arial,sans-serif;\"><span style=\"font-weight: normal;\">Diese Seite nutzt zur einheitlichen Darstellung von Schriftarten so genannte Web Fonts, die von Google bereitgestellt werden. Beim Aufruf einer Seite l\u00e4dt Ihr Browser die ben\u00f6tigten Web Fonts in ihren Browsercache, um Texte und Schriftarten korrekt anzuzeigen. Zu diesem Zweck muss der von Ihnen verwendete Browser Verbindung zu den Servern von Google aufnehmen. Hierdurch erlangt Google Kenntnis dar\u00fcber, dass \u00fcber Ihre IP-Adresse unsere Website aufgerufen wurde. Die Nutzung von Google Web Fonts erfolgt im Interesse einer einheitlichen und ansprechenden Darstellung unserer Online-Angebote. Dies stellt ein berechtigtes Interesse im Sinne von Art. 6 Abs. 1 lit. f DSGVO dar. Wenn Ihr Browser Web Fonts nicht unterst\u00fctzt, wird eine Standardschrift von Ihrem Computer genutzt.<\/span><\/span><\/span><strong><span style=\"color: #000000;\"><span style=\"font-family: Arial,sans-serif;\"><span style=\"font-weight: normal;\"><br \/>\n<\/span><\/span><\/span><\/strong><span style=\"color: #000000;\"><span style=\"font-family: Arial,sans-serif;\"><span style=\"font-weight: normal;\">Weitere Informationen zu Google Web Fonts finden Sie unter <\/span><\/span><\/span><a href=\"https:\/\/developers.google.com\/fonts\/faq\"><span style=\"color: #000000;\"><span style=\"font-family: Arial,sans-serif;\"><span style=\"font-weight: normal;\">https:\/\/developers.google.com\/fonts\/faq<\/span><\/span><\/span><\/a><span style=\"color: #000000;\"><span style=\"font-family: Arial,sans-serif;\"><span style=\"font-weight: normal;\">und in der Datenschutzerkl\u00e4rung von Google: <\/span><\/span><\/span><a href=\"https:\/\/www.google.com\/policies\/privacy\/\"><span style=\"color: #000000;\"><span style=\"font-family: Arial,sans-serif;\"><span style=\"font-weight: normal;\">https:\/\/www.google.com\/policies\/privacy\/<\/span><\/span><\/span><\/a><span style=\"color: #000000;\"><span style=\"font-family: Arial,sans-serif;\"><span style=\"font-weight: normal;\">.<\/span><\/span><\/span><\/p>\n<ol start=\"7\">\n<li><strong><span style=\"color: #000000;\"><span style=\"font-family: Arial,sans-serif;\"><span style=\"font-weight: normal;\">Externe Links<\/span><\/span><\/span><\/strong><\/li>\n<\/ol>\n<p><span style=\"color: #000000;\"><span style=\"font-family: Arial,sans-serif;\"><span style=\"font-weight: normal;\">Sofern Sie externe Links nutzen, die im Rahmen der Internetseite <\/span><\/span><\/span><span style=\"color: #000000;\"><span style=\"font-family: Arial,sans-serif;\"><span style=\"font-weight: normal;\"><a href=\"http:\/\/www.renatentwurf.at\/\">www.renatentwurf.at<\/a> <\/span><\/span><\/span><span style=\"color: #000000;\"><span style=\"font-family: Arial,sans-serif;\"><span style=\"font-weight: normal;\">angeboten werden, erstreckt sich diese Datenschutzerkl\u00e4rung nicht auf diese Links. Informieren Sie sich deshalb bitte auf den Internetseiten der anderen AnbieterInnen auch \u00fcber die dort bereitgestellten Datenschutzerkl\u00e4rungen.<\/span><\/span><\/span><\/p>\n<ol start=\"8\">\n<li><strong><span style=\"color: #000000;\"><span style=\"font-family: Arial,sans-serif;\"><span style=\"font-weight: normal;\">Newsletter<\/span><\/span><\/span><\/strong><\/li>\n<\/ol>\n<p style=\"font-weight: normal;\"><span style=\"color: #000000;\"><span style=\"font-family: Arial,sans-serif;\">Renate Mowlam versendet keinen Newsletter.<\/span><\/span><\/p>\n<ol start=\"9\">\n<li><strong><span style=\"color: #000000;\"><span style=\"font-family: Arial,sans-serif;\"><span style=\"font-weight: normal;\">Auskunfts- und Widerspruchsrecht<\/span><\/span><\/span><\/strong><\/li>\n<\/ol>\n<p style=\"font-weight: normal;\"><span style=\"color: #000000;\"><span style=\"font-family: Arial,sans-serif;\">Sie k\u00f6nnen jederzeit Auskunft (DSVGO Artikel 15) \u00fcber die von mir \u00fcber Sie gespeicherten Daten bekommen. Bei Bedarf senden Sie bitte eine E-Mail an renatentwurf [et] hotmail.com.<\/span><\/span><\/p>\n<p style=\"font-weight: normal;\"><span style=\"color: #000000;\"><span style=\"font-family: Arial,sans-serif;\">Weiterhin k\u00f6nnen Sie jederzeit Ihre Zustimmung zur Erhebung und Speicherung Ihrer personenbezogenen Daten durch mich widerrufen (DSVGO Artikel 17). Bei Bedarf senden Sie bitte eine E-Mail an renatentwurf@hotmail.com.<\/span><\/span><\/p>\n<ol start=\"10\">\n<li><strong><span style=\"color: #000000;\"><span style=\"font-family: Arial,sans-serif;\"><span style=\"font-weight: normal;\">Ihre Rechte<\/span><\/span><\/span><\/strong><\/li>\n<\/ol>\n<p style=\"font-weight: normal;\"><span style=\"color: #000000;\"><span style=\"font-family: Arial,sans-serif;\">Ihnen stehen grunds\u00e4tzlich die Rechte auf Auskunft, Berichtigung, L\u00f6schung, Einschr\u00e4nkung, Daten\u00fcbertragbarkeit, Widerruf und Widerspruch zu. Wenn Sie glauben, dass die Verarbeitung Ihrer Daten gegen das Datenschutzrecht verst\u00f6\u00dft oder Ihre datenschutzrechtlichen Anspr\u00fcche sonst in einer Weise verletzt worden sind, k\u00f6nnen Sie sich bei der Datenschutzbeh\u00f6rde beschweren.<\/span><\/span><\/p>\n<p style=\"font-weight: normal;\"><span style=\"color: #000000;\"><span style=\"font-family: Arial,sans-serif;\">Wien, Juni 2020<\/span><\/span><\/p>\n","protected":false},"excerpt":{"rendered":"<p>Datenschutzhinweis Kontaktdaten Renate Mowlam 1150 Wien renatentwurf [et] hotmail.com Widerspruch gegen Werbe-Mails Der Nutzung von im Rahmen der Impressumspflicht ver\u00f6ffentlichten Kontaktdaten zur \u00dcbersendung von nicht ausdr\u00fccklich angeforderter Werbung und Informationsmaterialien wird hiermit widersprochen. Die Betreiber der Seiten behalten sich ausdr\u00fccklich rechtliche Schritte im Falle der unverlangten Zusendung von Werbeinformationen, etwa durch Spam-E-Mails, vor. Grundsatz Alle [&hellip;]<\/p>\n","protected":false},"author":1,"featured_media":0,"parent":0,"menu_order":0,"comment_status":"open","ping_status":"open","template":"","meta":{"footnotes":""},"class_list":["post-526","page","type-page","status-publish","hentry"],"_links":{"self":[{"href":"https:\/\/www.renatentwurf.at\/index.php?rest_route=\/wp\/v2\/pages\/526","targetHints":{"allow":["GET"]}}],"collection":[{"href":"https:\/\/www.renatentwurf.at\/index.php?rest_route=\/wp\/v2\/pages"}],"about":[{"href":"https:\/\/www.renatentwurf.at\/index.php?rest_route=\/wp\/v2\/types\/page"}],"author":[{"embeddable":true,"href":"https:\/\/www.renatentwurf.at\/index.php?rest_route=\/wp\/v2\/users\/1"}],"replies":[{"embeddable":true,"href":"https:\/\/www.renatentwurf.at\/index.php?rest_route=%2Fwp%2Fv2%2Fcomments&post=526"}],"version-history":[{"count":4,"href":"https:\/\/www.renatentwurf.at\/index.php?rest_route=\/wp\/v2\/pages\/526\/revisions"}],"predecessor-version":[{"id":824,"href":"https:\/\/www.renatentwurf.at\/index.php?rest_route=\/wp\/v2\/pages\/526\/revisions\/824"}],"wp:attachment":[{"href":"https:\/\/www.renatentwurf.at\/index.php?rest_route=%2Fwp%2Fv2%2Fmedia&parent=526"}],"curies":[{"name":"wp","href":"https:\/\/api.w.org\/{rel}","templated":true}]}}