{"id":2,"date":"2014-06-08T16:37:16","date_gmt":"2014-06-08T16:37:16","guid":{"rendered":"http:\/\/localhost\/raoul2\/?page_id=2"},"modified":"2024-02-03T13:14:42","modified_gmt":"2024-02-03T11:14:42","slug":"beispiel-seite","status":"publish","type":"page","link":"https:\/\/www.renatentwurf.at\/","title":{"rendered":"Zuhause"},"content":{"rendered":"<p><a href=\"https:\/\/www.renatentwurf.at\/?page_id=1109\">Mein Rom-Abenteuer<\/a> &#8211; Ein Comic-Blog<\/p>\n<p><a href=\"https:\/\/www.renatentwurf.at\/?page_id=1109\"><img loading=\"lazy\" decoding=\"async\" class=\"alignnone  wp-image-1110\" src=\"https:\/\/www.renatentwurf.at\/wp-content\/uploads\/2024\/02\/000_Rom-Cover.jpg\" alt=\"\" width=\"396\" height=\"279\" srcset=\"https:\/\/www.renatentwurf.at\/wp-content\/uploads\/2024\/02\/000_Rom-Cover.jpg 2480w, https:\/\/www.renatentwurf.at\/wp-content\/uploads\/2024\/02\/000_Rom-Cover-300x211.jpg 300w, https:\/\/www.renatentwurf.at\/wp-content\/uploads\/2024\/02\/000_Rom-Cover-1024x722.jpg 1024w, https:\/\/www.renatentwurf.at\/wp-content\/uploads\/2024\/02\/000_Rom-Cover-768x541.jpg 768w, https:\/\/www.renatentwurf.at\/wp-content\/uploads\/2024\/02\/000_Rom-Cover-1536x1083.jpg 1536w, https:\/\/www.renatentwurf.at\/wp-content\/uploads\/2024\/02\/000_Rom-Cover-2048x1444.jpg 2048w\" sizes=\"auto, (max-width: 396px) 100vw, 396px\" \/><\/a><\/p>\n<p>NEUES <a href=\"https:\/\/www.renatentwurf.at\/?page_id=49\">BUCH<\/a>: <strong>Wissenschaftscomics und Sachcomics zeichnen. Ein Workshop f\u00fcr Zeichner*innen<\/strong><\/p>\n<p><strong><a href=\"https:\/\/www.renatentwurf.at\/?page_id=49\"><img loading=\"lazy\" decoding=\"async\" class=\"alignnone size-full wp-image-1093\" src=\"https:\/\/www.renatentwurf.at\/wp-content\/uploads\/2023\/10\/Cover-WIssCom-4-e1696270656670.jpg\" alt=\"\" width=\"400\" height=\"402\" \/><\/a><\/strong><\/p>\n<p><strong><span class=\"x193iq5w xeuugli x13faqbe x1vvkbs x1xmvt09 x1lliihq x1s928wv xhkezso x1gmr53x x1cpjm7i x1fgarty x1943h6x xudqn12 x3x7a5m x6prxxf xvq8zen xo1l8bm xzsf02u x1yc453h\" dir=\"auto\">Comic \u00fcber ME\/CFS &#8211; Chronic Fatigue Syndrome<\/span><\/strong><\/p>\n<p>Ein medical comic f\u00fcr <a href=\"https:\/\/neurolett.at\/ME\/CFS\/\" target=\"_blank\" rel=\"noopener noreferrer\">Dr. Martin Komenda-Lett &#8211; Facharzt f\u00fcr Neurologie<\/a><\/p>\n<p><a href=\"https:\/\/neurolett.at\/ME\/CFS\/\" target=\"_blank\" rel=\"noopener noreferrer\"><img loading=\"lazy\" decoding=\"async\" class=\"alignnone  wp-image-1029\" src=\"https:\/\/www.renatentwurf.at\/wp-content\/uploads\/2022\/10\/Coverfigur.jpg\" alt=\"\" width=\"340\" height=\"240\" srcset=\"https:\/\/www.renatentwurf.at\/wp-content\/uploads\/2022\/10\/Coverfigur.jpg 1417w, https:\/\/www.renatentwurf.at\/wp-content\/uploads\/2022\/10\/Coverfigur-300x212.jpg 300w, https:\/\/www.renatentwurf.at\/wp-content\/uploads\/2022\/10\/Coverfigur-1024x722.jpg 1024w, https:\/\/www.renatentwurf.at\/wp-content\/uploads\/2022\/10\/Coverfigur-768x541.jpg 768w\" sizes=\"auto, (max-width: 340px) 100vw, 340px\" \/><\/a><\/p>\n<p>+++ Comicbuch +++ <a href=\"https:\/\/www.renatentwurf.at\/?page_id=49\"><strong>Der Wiener Sport-Club. Von 1883 bis heute. Ein Comic.<\/strong><\/a><\/p>\n<p><a href=\"https:\/\/www.renatentwurf.at\/?page_id=49\"><img loading=\"lazy\" decoding=\"async\" class=\"alignnone  wp-image-984\" src=\"https:\/\/www.renatentwurf.at\/wp-content\/uploads\/2022\/04\/Postkarte-vorne_kl.jpg\" alt=\"\" width=\"330\" height=\"463\" srcset=\"https:\/\/www.renatentwurf.at\/wp-content\/uploads\/2022\/04\/Postkarte-vorne_kl.jpg 1264w, https:\/\/www.renatentwurf.at\/wp-content\/uploads\/2022\/04\/Postkarte-vorne_kl-214x300.jpg 214w, https:\/\/www.renatentwurf.at\/wp-content\/uploads\/2022\/04\/Postkarte-vorne_kl-730x1024.jpg 730w, https:\/\/www.renatentwurf.at\/wp-content\/uploads\/2022\/04\/Postkarte-vorne_kl-768x1077.jpg 768w, https:\/\/www.renatentwurf.at\/wp-content\/uploads\/2022\/04\/Postkarte-vorne_kl-1096x1536.jpg 1096w\" sizes=\"auto, (max-width: 330px) 100vw, 330px\" \/><\/a><\/p>\n<p><a href=\"https:\/\/www.renatentwurf.at\/wp-content\/uploads\/2023\/03\/Rezension-ballesterer-2023_01-scaled.jpg\" target=\"_blank\" rel=\"noopener noreferrer\">Buch-Rezension im ballesterer (\u00f6sterr. Fu\u00dfballmagazin, Februar 2023)<\/a><\/p>\n<p>Bestellen bei: www.buchschmiede.at: <a href=\"https:\/\/www.buchschmiede.at\/app\/book\/705-Renate-Mowlam-Der-Wiener-Sport-Club;bookType=PB\" target=\"_blank\" rel=\"noopener noreferrer\">Softcover<\/a> 15 \u20ac &#8211; <a href=\"https:\/\/www.buchschmiede.at\/app\/book\/705-Renate-Mowlam-Der-Wiener-Sport-Club;bookType=HC\" target=\"_blank\" rel=\"noopener noreferrer\">Hardcover<\/a> 25 \u20ac<\/p>\n<p><strong>50% meines Reinerl\u00f6ses<\/strong> gehen an die <strong>Wiener Sport-Club Frauen (Fu\u00dfball)<\/strong><\/p>\n<p>&#8212;-<\/p>\n<p><strong>Interview im Rahmen des NextComic Festivals 2021 in Linz<\/strong><\/p>\n<p>Das Interview wurde gef\u00fchrt von der <a href=\"https:\/\/www.oegec.com\/\" target=\"_blank\" rel=\"noopener noreferrer\">OeGeC &#8211; \u00d6sterreichische Gesellschaft f\u00fcr Comicforschung<\/a><\/p>\n<p><iframe loading=\"lazy\" title=\"Interview: OFF THE BLOB. Gespr\u00e4che mit Frauen \u00fcber den Wechsel. Ein Comic.\" width=\"500\" height=\"281\" src=\"https:\/\/www.youtube.com\/embed\/8b6FTv79eas?start=356&#038;feature=oembed\" frameborder=\"0\" allow=\"accelerometer; autoplay; clipboard-write; encrypted-media; gyroscope; picture-in-picture; web-share\" referrerpolicy=\"strict-origin-when-cross-origin\" allowfullscreen><\/iframe><\/p>\n<p>&#8212;-<\/p>\n<p><strong>Ausstellungsreihe der MedUni Wien +++ zu sehen im AKH Wien in den Jahren 2020 bis 2023\u00a0<\/strong><br \/>\n<strong>Art.Action.Attitude K\u00f6rper, Grenzen und Schmerzen<\/strong>: Ich wurde eingeladen, f\u00fcr diese <a href=\"https:\/\/www.meduniwien.ac.at\/telelearning\/MedicalComics2021-22\/Pixie\/web\/\" target=\"_blank\" rel=\"noopener noreferrer\">Ausstellungsreihe<\/a> mittels Comics zu erkl\u00e4ren, was Comics sind und wie Comics eingesetzt werden k\u00f6nnen, um medizinische Themen zu kommunizieren.<\/p>\n<p><a href=\"https:\/\/www.renatentwurf.at\/?page_id=910\" target=\"_blank\" rel=\"noopener noreferrer\"><img loading=\"lazy\" decoding=\"async\" class=\"alignnone size-medium wp-image-884\" src=\"https:\/\/www.renatentwurf.at\/wp-content\/uploads\/2021\/01\/Buechlein_kl-300x225.jpg\" alt=\"\" width=\"300\" height=\"225\" srcset=\"https:\/\/www.renatentwurf.at\/wp-content\/uploads\/2021\/01\/Buechlein_kl-300x225.jpg 300w, https:\/\/www.renatentwurf.at\/wp-content\/uploads\/2021\/01\/Buechlein_kl-1024x768.jpg 1024w, https:\/\/www.renatentwurf.at\/wp-content\/uploads\/2021\/01\/Buechlein_kl-768x576.jpg 768w, https:\/\/www.renatentwurf.at\/wp-content\/uploads\/2021\/01\/Buechlein_kl.jpg 1181w\" sizes=\"auto, (max-width: 300px) 100vw, 300px\" \/><\/a><\/p>\n<p><strong><a href=\"http:\/\/www.renatentwurf.at\/?page_id=38\" target=\"_blank\" rel=\"noopener noreferrer\">Corona Comics in Deutsch und Englisch<\/a><\/strong><\/p>\n<p><a href=\"http:\/\/www.renatentwurf.at\/?page_id=38\" target=\"_blank\" rel=\"noopener noreferrer\"><img loading=\"lazy\" decoding=\"async\" class=\"alignnone wp-image-666 size-medium\" src=\"http:\/\/www.renatentwurf.at\/wp-content\/uploads\/2020\/03\/bleibenzuhause03-276x300.jpg\" alt=\"bleibenzuhause03\" width=\"276\" height=\"300\" srcset=\"https:\/\/www.renatentwurf.at\/wp-content\/uploads\/2020\/03\/bleibenzuhause03-276x300.jpg 276w, https:\/\/www.renatentwurf.at\/wp-content\/uploads\/2020\/03\/bleibenzuhause03-942x1024.jpg 942w, https:\/\/www.renatentwurf.at\/wp-content\/uploads\/2020\/03\/bleibenzuhause03.jpg 1792w\" sizes=\"auto, (max-width: 276px) 100vw, 276px\" \/><\/a><\/p>\n<p><strong>Comics und Malerei von Renate Mowlam<\/strong><\/p>\n<p><a href=\"http:\/\/www.renatentwurf.at\/wp-content\/uploads\/2014\/06\/wohnzimmertepich_bunt.jpg\"><img loading=\"lazy\" decoding=\"async\" class=\"alignnone  wp-image-137\" src=\"http:\/\/www.renatentwurf.at\/wp-content\/uploads\/2014\/06\/wohnzimmertepich_bunt-300x213.jpg\" alt=\"wohnzimmertepich_bunt\" width=\"384\" height=\"273\" srcset=\"https:\/\/www.renatentwurf.at\/wp-content\/uploads\/2014\/06\/wohnzimmertepich_bunt-300x213.jpg 300w, https:\/\/www.renatentwurf.at\/wp-content\/uploads\/2014\/06\/wohnzimmertepich_bunt.jpg 888w\" sizes=\"auto, (max-width: 384px) 100vw, 384px\" \/><\/a><\/p>\n<p>Bilder sind ein Mittel zur Kommunikation. Bilder zu erschaffen\u00a0stellt f\u00fcr mich die M\u00f6glichkeit der Reflexion und des Erkenntnisgewinns dar.<\/p>\n<p>Meine Zeichnungen wurden in\u00a0verschiedenen Zeitungen und\u00a0bisher\u00a03\u00a0B\u00fcchern und einem Comic-Magazin\u00a0ver\u00f6ffentlicht. Meine Bilder\u00a0pr\u00e4sentiere ich seit 1997 in mehr als 25 Ausstellungen im In- und Ausland.<\/p>\n<p><b>Buch <\/b><a href=\"http:\/\/www.renatentwurf.at\/?page_id=49\">Mrs &amp; Mrs Burn-out<\/a><\/p>\n<p><a href=\"http:\/\/www.renatentwurf.at\/wp-content\/uploads\/2014\/07\/Cover-20190104-web.jpg\"><img loading=\"lazy\" decoding=\"async\" class=\"alignnone size-medium wp-image-569\" src=\"http:\/\/www.renatentwurf.at\/wp-content\/uploads\/2014\/07\/Cover-20190104-web-295x300.jpg\" alt=\"Cover 20190104 web\" width=\"295\" height=\"300\" srcset=\"https:\/\/www.renatentwurf.at\/wp-content\/uploads\/2014\/07\/Cover-20190104-web-295x300.jpg 295w, https:\/\/www.renatentwurf.at\/wp-content\/uploads\/2014\/07\/Cover-20190104-web.jpg 590w\" sizes=\"auto, (max-width: 295px) 100vw, 295px\" \/><\/a><\/p>\n<p><strong>Live im \u00d61 Nachtquartier<\/strong><\/p>\n<p>Renate Mowlam zu Gast bei Anna Soucek in der \u00d61\u00a0Sendung Nachtquartier in der Nacht vom <strong>Mittwoch 7.9. auf Donnerstag 8.9.2016 um 0.05 Uhr<\/strong>.<\/p>\n<p>Themen der Sendung <a href=\"http:\/\/www.renatentwurf.at\/?page_id=421\" target=\"_blank\" rel=\"noopener noreferrer\">hier<\/a>.<\/p>\n<p><a href=\"http:\/\/www.renatentwurf.at\/wp-content\/uploads\/2014\/06\/\u00d61-Nachtquartier.jpg\"><img loading=\"lazy\" decoding=\"async\" class=\"alignnone  wp-image-426\" src=\"http:\/\/www.renatentwurf.at\/wp-content\/uploads\/2014\/06\/\u00d61-Nachtquartier-300x292.jpg\" alt=\"\u00d61 Nachtquartier\" width=\"204\" height=\"199\" srcset=\"https:\/\/www.renatentwurf.at\/wp-content\/uploads\/2014\/06\/\u00d61-Nachtquartier-300x292.jpg 300w, https:\/\/www.renatentwurf.at\/wp-content\/uploads\/2014\/06\/\u00d61-Nachtquartier.jpg 799w\" sizes=\"auto, (max-width: 204px) 100vw, 204px\" \/><\/a><\/p>\n<p><strong>W\u00f6lfchen!<\/strong> <a href=\"http:\/\/www.renatentwurf.at\/?page_id=385\" target=\"_blank\" rel=\"noopener noreferrer\">Forschungsergebnisse des WSC\u00a0als Comic<\/a>.<\/p>\n<p><a href=\"http:\/\/www.renatentwurf.at\/wp-content\/uploads\/2014\/07\/Wolf-science-center.jpg\"><img loading=\"lazy\" decoding=\"async\" class=\"alignnone  wp-image-383\" src=\"http:\/\/www.renatentwurf.at\/wp-content\/uploads\/2014\/07\/Wolf-science-center-300x298.jpg\" alt=\"Wolf science center\" width=\"192\" height=\"191\" srcset=\"https:\/\/www.renatentwurf.at\/wp-content\/uploads\/2014\/07\/Wolf-science-center-300x298.jpg 300w, https:\/\/www.renatentwurf.at\/wp-content\/uploads\/2014\/07\/Wolf-science-center-150x150.jpg 150w, https:\/\/www.renatentwurf.at\/wp-content\/uploads\/2014\/07\/Wolf-science-center.jpg 591w\" sizes=\"auto, (max-width: 192px) 100vw, 192px\" \/><\/a><\/p>\n<p><strong>Mein zweites Buch!<\/strong> <a href=\"http:\/\/www.renatentwurf.at\/?page_id=371\" target=\"_blank\" rel=\"noopener noreferrer\">Edith Bayer &amp; Renate Mowlam: Erste Hilfe f\u00fcr den Berufsalltag<\/a><\/p>\n<p><a href=\"http:\/\/www.renatentwurf.at\/wp-content\/uploads\/2014\/07\/Erste-Hilfe-Bayer-Mowlam.png\"><img loading=\"lazy\" decoding=\"async\" class=\"alignnone size-full wp-image-368\" src=\"http:\/\/www.renatentwurf.at\/wp-content\/uploads\/2014\/07\/Erste-Hilfe-Bayer-Mowlam.png\" alt=\"Erste Hilfe Bayer Mowlam\" width=\"200\" height=\"300\" \/><\/a><\/p>\n<p><strong><a href=\"http:\/\/www.renatentwurf.at\/?page_id=526\" target=\"_blank\" rel=\"noopener noreferrer\">Datenschutz<\/a><\/strong><\/p>\n","protected":false},"excerpt":{"rendered":"<p>Mein Rom-Abenteuer &#8211; Ein Comic-Blog NEUES BUCH: Wissenschaftscomics und Sachcomics zeichnen. Ein Workshop f\u00fcr Zeichner*innen Comic \u00fcber ME\/CFS &#8211; Chronic Fatigue Syndrome Ein medical comic f\u00fcr Dr. Martin Komenda-Lett &#8211; Facharzt f\u00fcr Neurologie +++ Comicbuch +++ Der Wiener Sport-Club. Von 1883 bis heute. Ein Comic. Buch-Rezension im ballesterer (\u00f6sterr. Fu\u00dfballmagazin, Februar 2023) Bestellen bei: www.buchschmiede.at: [&hellip;]<\/p>\n","protected":false},"author":1,"featured_media":0,"parent":0,"menu_order":0,"comment_status":"open","ping_status":"open","template":"","meta":{"footnotes":""},"class_list":["post-2","page","type-page","status-publish","hentry"],"_links":{"self":[{"href":"https:\/\/www.renatentwurf.at\/index.php?rest_route=\/wp\/v2\/pages\/2","targetHints":{"allow":["GET"]}}],"collection":[{"href":"https:\/\/www.renatentwurf.at\/index.php?rest_route=\/wp\/v2\/pages"}],"about":[{"href":"https:\/\/www.renatentwurf.at\/index.php?rest_route=\/wp\/v2\/types\/page"}],"author":[{"embeddable":true,"href":"https:\/\/www.renatentwurf.at\/index.php?rest_route=\/wp\/v2\/users\/1"}],"replies":[{"embeddable":true,"href":"https:\/\/www.renatentwurf.at\/index.php?rest_route=%2Fwp%2Fv2%2Fcomments&post=2"}],"version-history":[{"count":93,"href":"https:\/\/www.renatentwurf.at\/index.php?rest_route=\/wp\/v2\/pages\/2\/revisions"}],"predecessor-version":[{"id":1119,"href":"https:\/\/www.renatentwurf.at\/index.php?rest_route=\/wp\/v2\/pages\/2\/revisions\/1119"}],"wp:attachment":[{"href":"https:\/\/www.renatentwurf.at\/index.php?rest_route=%2Fwp%2Fv2%2Fmedia&parent=2"}],"curies":[{"name":"wp","href":"https:\/\/api.w.org\/{rel}","templated":true}]}}