{"id":1131,"date":"2024-02-08T13:47:03","date_gmt":"2024-02-08T11:47:03","guid":{"rendered":"https:\/\/www.renatentwurf.at\/?page_id=1131"},"modified":"2024-11-17T10:53:09","modified_gmt":"2024-11-17T08:53:09","slug":"wissenchaftscomics-und-sachcomics","status":"publish","type":"page","link":"https:\/\/www.renatentwurf.at\/?page_id=1131","title":{"rendered":"Wissenchaftscomics und Sachcomics"},"content":{"rendered":"\n<p>Der Fokus meiner Arbeit als Comiczeichnerin sind Wissenschaftscomics und Sachcomics. Alle zu sehenden Bilder sind <strong>verlinkt<\/strong> zu mehr Comicinhalt!<\/p>\n\n\n\n<p><strong>Fu\u00dfmuskel\u00fcbungen f\u00fcr Kinder<\/strong> f\u00fcr eine Fach\u00e4rztin f\u00fcr Orthop\u00e4die<\/p>\n\n\n\n<figure class=\"wp-block-image size-large is-resized is-style-default\"><img loading=\"lazy\" decoding=\"async\" src=\"https:\/\/www.renatentwurf.at\/wp-content\/uploads\/2024\/11\/Fussmuskeluebungen_kl-1024x724.jpg\" alt=\"\" class=\"wp-image-1233\" width=\"512\" height=\"362\" srcset=\"https:\/\/www.renatentwurf.at\/wp-content\/uploads\/2024\/11\/Fussmuskeluebungen_kl-1024x724.jpg 1024w, https:\/\/www.renatentwurf.at\/wp-content\/uploads\/2024\/11\/Fussmuskeluebungen_kl-300x212.jpg 300w, https:\/\/www.renatentwurf.at\/wp-content\/uploads\/2024\/11\/Fussmuskeluebungen_kl-768x543.jpg 768w, https:\/\/www.renatentwurf.at\/wp-content\/uploads\/2024\/11\/Fussmuskeluebungen_kl.jpg 1417w\" sizes=\"auto, (max-width: 512px) 100vw, 512px\" \/><\/figure>\n\n\n\n<p><strong>Plakat zum Thema Darmkrebsvorsorge<\/strong> f\u00fcr ein Pharmaunternehmen<\/p>\n\n\n\n<p>Download des Plakats hier: <a href=\"https:\/\/www.ivepa.at\/document\/share\/14\/5dce3a76-eff6-4570-8e33-3cd043bf9811\" target=\"_blank\" rel=\"noreferrer noopener\">Denk&#8216; an deinen Darm!<\/a><\/p>\n\n\n\n<div class=\"wp-block-group\"><div class=\"wp-block-group__inner-container is-layout-flow wp-block-group-is-layout-flow\">\n<figure class=\"wp-block-image size-large is-resized is-style-default\"><img loading=\"lazy\" decoding=\"async\" src=\"https:\/\/www.renatentwurf.at\/wp-content\/uploads\/2024\/02\/Darmkrebsvorsorge_Norgine_kl-2-724x1024.jpg\" alt=\"\" class=\"wp-image-1134\" width=\"362\" height=\"512\" srcset=\"https:\/\/www.renatentwurf.at\/wp-content\/uploads\/2024\/02\/Darmkrebsvorsorge_Norgine_kl-2-724x1024.jpg 724w, https:\/\/www.renatentwurf.at\/wp-content\/uploads\/2024\/02\/Darmkrebsvorsorge_Norgine_kl-2-212x300.jpg 212w, https:\/\/www.renatentwurf.at\/wp-content\/uploads\/2024\/02\/Darmkrebsvorsorge_Norgine_kl-2-768x1086.jpg 768w, https:\/\/www.renatentwurf.at\/wp-content\/uploads\/2024\/02\/Darmkrebsvorsorge_Norgine_kl-2-1086x1536.jpg 1086w, https:\/\/www.renatentwurf.at\/wp-content\/uploads\/2024\/02\/Darmkrebsvorsorge_Norgine_kl-2.jpg 1240w\" sizes=\"auto, (max-width: 362px) 100vw, 362px\" \/><\/figure>\n<\/div><\/div>\n\n\n\n<p><strong>Brosch\u00fcre &#8222;Was ist ein Schlaganfall&#8220;<\/strong> f\u00fcr eine neurologische Abteilung eines Spitals<\/p>\n\n\n\n<figure class=\"wp-block-image size-large is-resized is-style-default\"><a href=\"https:\/\/www.renatentwurf.at\/wp-content\/uploads\/2022\/07\/Schlaganfall_Broschuere.pdf\"><img loading=\"lazy\" decoding=\"async\" src=\"https:\/\/www.renatentwurf.at\/wp-content\/uploads\/2024\/02\/schlaganfall_intro_kl-1024x650.jpg\" alt=\"\" class=\"wp-image-1142\" width=\"512\" height=\"325\" srcset=\"https:\/\/www.renatentwurf.at\/wp-content\/uploads\/2024\/02\/schlaganfall_intro_kl-1024x650.jpg 1024w, https:\/\/www.renatentwurf.at\/wp-content\/uploads\/2024\/02\/schlaganfall_intro_kl-300x191.jpg 300w, https:\/\/www.renatentwurf.at\/wp-content\/uploads\/2024\/02\/schlaganfall_intro_kl-768x488.jpg 768w, https:\/\/www.renatentwurf.at\/wp-content\/uploads\/2024\/02\/schlaganfall_intro_kl.jpg 1417w\" sizes=\"auto, (max-width: 512px) 100vw, 512px\" \/><\/a><\/figure>\n\n\n\n<p><strong>Brosch\u00fcre &#8222;ME\/CFS &#8211; Chronic Fatigue Syndrom&#8220;<\/strong> f\u00fcr einen Facharzt f\u00fcr Neurologie<\/p>\n\n\n\n<figure class=\"wp-block-image size-large is-resized is-style-default\"><a href=\"https:\/\/neurolett.at\/ME\/CFS\/\" target=\"_blank\" rel=\"noopener noreferrer\"><img loading=\"lazy\" decoding=\"async\" src=\"https:\/\/www.renatentwurf.at\/wp-content\/uploads\/2024\/02\/mecfs05_kl_web-1024x657.jpg\" alt=\"\" class=\"wp-image-1139\" width=\"512\" height=\"329\" srcset=\"https:\/\/www.renatentwurf.at\/wp-content\/uploads\/2024\/02\/mecfs05_kl_web-1024x657.jpg 1024w, https:\/\/www.renatentwurf.at\/wp-content\/uploads\/2024\/02\/mecfs05_kl_web-300x192.jpg 300w, https:\/\/www.renatentwurf.at\/wp-content\/uploads\/2024\/02\/mecfs05_kl_web-768x493.jpg 768w, https:\/\/www.renatentwurf.at\/wp-content\/uploads\/2024\/02\/mecfs05_kl_web.jpg 1417w\" sizes=\"auto, (max-width: 512px) 100vw, 512px\" \/><\/a><\/figure>\n\n\n\n<p>3-j\u00e4hrige Ausstellungsserie der <strong>MedUni Wien<\/strong> zu verschiedenen Gesundheitsthemen<\/p>\n\n\n\n<figure class=\"wp-block-image size-large is-resized is-style-default\"><a href=\"https:\/\/teachingcenter.meduniwien.ac.at\/lehre-und-projekte\/medical-comics-ausstellung\/die-ausstellungen\/workshops-2020-2023\/schmerzen\/pain-2023\/\" target=\"_blank\" rel=\"noopener noreferrer\"><img loading=\"lazy\" decoding=\"async\" src=\"https:\/\/www.renatentwurf.at\/wp-content\/uploads\/2024\/02\/global-health-cover-deutsch_web.jpg\" alt=\"\" class=\"wp-image-1148\" width=\"414\" height=\"430\" srcset=\"https:\/\/www.renatentwurf.at\/wp-content\/uploads\/2024\/02\/global-health-cover-deutsch_web.jpg 827w, https:\/\/www.renatentwurf.at\/wp-content\/uploads\/2024\/02\/global-health-cover-deutsch_web-289x300.jpg 289w, https:\/\/www.renatentwurf.at\/wp-content\/uploads\/2024\/02\/global-health-cover-deutsch_web-768x798.jpg 768w\" sizes=\"auto, (max-width: 414px) 100vw, 414px\" \/><\/a><\/figure>\n\n\n\n<p>Buch \u00fcber <strong>Wechsel und Menopause<\/strong><\/p>\n\n\n\n<figure class=\"wp-block-image size-large is-resized is-style-default\"><a href=\"https:\/\/www.renatentwurf.at\/wp-content\/uploads\/2020\/11\/Leseprobe_Offtheblob_kl.pdf\"><img loading=\"lazy\" decoding=\"async\" src=\"https:\/\/www.renatentwurf.at\/wp-content\/uploads\/2020\/11\/Buch_Cover-792x1024.jpg\" alt=\"\" class=\"wp-image-860\" width=\"396\" height=\"512\" srcset=\"https:\/\/www.renatentwurf.at\/wp-content\/uploads\/2020\/11\/Buch_Cover-792x1024.jpg 792w, https:\/\/www.renatentwurf.at\/wp-content\/uploads\/2020\/11\/Buch_Cover-232x300.jpg 232w, https:\/\/www.renatentwurf.at\/wp-content\/uploads\/2020\/11\/Buch_Cover-768x993.jpg 768w, https:\/\/www.renatentwurf.at\/wp-content\/uploads\/2020\/11\/Buch_Cover.jpg 1181w\" sizes=\"auto, (max-width: 396px) 100vw, 396px\" \/><\/a><\/figure>\n\n\n\n<p><strong>Wolfsforschung \/ Verhaltensforschung<\/strong> f\u00fcr das <strong>Wolf Science Center (Uni Wien \/ VetMed Wien)<\/strong><\/p>\n\n\n\n<p>Hier geht&#8217;s zu den <a href=\"https:\/\/www.renatentwurf.at\/?page_id=385\">Verhaltensforschungscomics<\/a>!<\/p>\n\n\n\n<figure class=\"wp-block-image size-large is-resized is-style-default\"><a href=\"https:\/\/www.renatentwurf.at\/wp-content\/uploads\/2024\/02\/Wolf_Mensch_Hund_kl.pdf\"><img loading=\"lazy\" decoding=\"async\" src=\"https:\/\/www.renatentwurf.at\/wp-content\/uploads\/2024\/02\/Cover_kl-765x1024.jpg\" alt=\"\" class=\"wp-image-1160\" width=\"383\" height=\"512\" srcset=\"https:\/\/www.renatentwurf.at\/wp-content\/uploads\/2024\/02\/Cover_kl-765x1024.jpg 765w, https:\/\/www.renatentwurf.at\/wp-content\/uploads\/2024\/02\/Cover_kl-224x300.jpg 224w, https:\/\/www.renatentwurf.at\/wp-content\/uploads\/2024\/02\/Cover_kl-768x1028.jpg 768w, https:\/\/www.renatentwurf.at\/wp-content\/uploads\/2024\/02\/Cover_kl.jpg 787w\" sizes=\"auto, (max-width: 383px) 100vw, 383px\" \/><\/a><\/figure>\n\n\n\n<p>Erkl\u00e4rcomics f\u00fcr die <a href=\"https:\/\/www.renatentwurf.at\/?page_id=319\"><strong>MA 48 &#8211; Abfallwirtschaft, Stra\u00dfenreinigung und Fuhrpark<\/strong><\/a> von Wien<\/p>\n\n\n\n<figure class=\"wp-block-image size-large is-resized is-style-default\"><a href=\"https:\/\/www.renatentwurf.at\/?page_id=319\"><img loading=\"lazy\" decoding=\"async\" src=\"https:\/\/www.renatentwurf.at\/wp-content\/uploads\/2015\/06\/Deponiequerschnitt1-1024x724.jpg\" alt=\"\" class=\"wp-image-334\" width=\"512\" height=\"362\" srcset=\"https:\/\/www.renatentwurf.at\/wp-content\/uploads\/2015\/06\/Deponiequerschnitt1-1024x724.jpg 1024w, https:\/\/www.renatentwurf.at\/wp-content\/uploads\/2015\/06\/Deponiequerschnitt1-300x212.jpg 300w\" sizes=\"auto, (max-width: 512px) 100vw, 512px\" \/><\/a><\/figure>\n","protected":false},"excerpt":{"rendered":"<p>Der Fokus meiner Arbeit als Comiczeichnerin sind Wissenschaftscomics und Sachcomics. Alle zu sehenden Bilder sind verlinkt zu mehr Comicinhalt! Fu\u00dfmuskel\u00fcbungen f\u00fcr Kinder f\u00fcr eine Fach\u00e4rztin f\u00fcr Orthop\u00e4die Plakat zum Thema Darmkrebsvorsorge f\u00fcr ein Pharmaunternehmen Download des Plakats hier: Denk&#8216; an deinen Darm! Brosch\u00fcre &#8222;Was ist ein Schlaganfall&#8220; f\u00fcr eine neurologische Abteilung eines Spitals Brosch\u00fcre &#8222;ME\/CFS [&hellip;]<\/p>\n","protected":false},"author":1,"featured_media":0,"parent":0,"menu_order":0,"comment_status":"closed","ping_status":"closed","template":"","meta":{"footnotes":""},"class_list":["post-1131","page","type-page","status-publish","hentry"],"_links":{"self":[{"href":"https:\/\/www.renatentwurf.at\/index.php?rest_route=\/wp\/v2\/pages\/1131","targetHints":{"allow":["GET"]}}],"collection":[{"href":"https:\/\/www.renatentwurf.at\/index.php?rest_route=\/wp\/v2\/pages"}],"about":[{"href":"https:\/\/www.renatentwurf.at\/index.php?rest_route=\/wp\/v2\/types\/page"}],"author":[{"embeddable":true,"href":"https:\/\/www.renatentwurf.at\/index.php?rest_route=\/wp\/v2\/users\/1"}],"replies":[{"embeddable":true,"href":"https:\/\/www.renatentwurf.at\/index.php?rest_route=%2Fwp%2Fv2%2Fcomments&post=1131"}],"version-history":[{"count":32,"href":"https:\/\/www.renatentwurf.at\/index.php?rest_route=\/wp\/v2\/pages\/1131\/revisions"}],"predecessor-version":[{"id":1235,"href":"https:\/\/www.renatentwurf.at\/index.php?rest_route=\/wp\/v2\/pages\/1131\/revisions\/1235"}],"wp:attachment":[{"href":"https:\/\/www.renatentwurf.at\/index.php?rest_route=%2Fwp%2Fv2%2Fmedia&parent=1131"}],"curies":[{"name":"wp","href":"https:\/\/api.w.org\/{rel}","templated":true}]}}